{"id":87,"date":"2018-02-23T22:25:08","date_gmt":"2018-02-23T22:25:08","guid":{"rendered":"https:\/\/www.northernexperience.de\/?page_id=87"},"modified":"2018-02-23T22:41:45","modified_gmt":"2018-02-23T22:41:45","slug":"datenschutz","status":"publish","type":"page","link":"https:\/\/www.northernexperience.de\/?page_id=87","title":{"rendered":"Datenschutz"},"content":{"rendered":"<h1>Datenschutzerkl\u00e4rung<\/h1>\n<p>Die Betreiber dieser Seiten nehmen<br \/>\nden Schutz Ihrer pers\u00f6nlichen Daten sehr ernst. Wir behandeln Ihre personenbezogenen Daten<br \/>\nvertraulich und entsprechend der gesetzlichen Datenschutzvorschriften sowie dieser<br \/>\nDatenschutzerkl\u00e4rung.<\/p>\n<p>Die Nutzung unserer Website ist in der Regel ohne Angabe<br \/>\npersonenbezogener Daten m\u00f6glich. Soweit auf unseren Seiten personenbezogene Daten<br \/>\n(beispielsweise Name, Anschrift oder E-Mail-Adressen) erhoben werden, erfolgt dies, soweit<br \/>\nm\u00f6glich, stets auf freiwilliger Basis. Diese Daten werden ohne Ihre ausdr\u00fcckliche Zustimmung<br \/>\nnicht an Dritte weitergegeben.<\/p>\n<p>Wir weisen darauf hin, dass die Daten\u00fcbertragung im Internet<br \/>\n(z.B. bei der Kommunikation per E-Mail) Sicherheitsl\u00fccken aufweisen kann. Ein l\u00fcckenloser<br \/>\nSchutz der Daten vor dem Zugriff durch Dritte ist nicht m\u00f6glich.<\/p>\n<p>&nbsp;<\/p>\n<h2>Cookies<\/h2>\n<p>Die Internetseiten verwenden teilweise so genannte Cookies. Cookies richten auf<br \/>\nIhrem Rechner keinen Schaden an und enthalten keine Viren. Cookies dienen dazu, unser Angebot<br \/>\nnutzerfreundlicher, effektiver und sicherer zu machen. Cookies sind kleine Textdateien, die auf Ihrem<br \/>\nRechner abgelegt werden und die Ihr Browser speichert.<\/p>\n<p>Die meisten der von uns verwendeten<br \/>\nCookies sind so genannte \u201eSession-Cookies\u201c. Sie werden nach Ende Ihres Besuchs automatisch<br \/>\ngel\u00f6scht. Andere Cookies bleiben auf Ihrem Endger\u00e4t gespeichert, bis Sie diese l\u00f6schen.<br \/>\nDiese Cookies erm\u00f6glichen es uns, Ihren Browser beim n\u00e4chsten Besuch<br \/>\nwiederzuerkennen.<\/p>\n<p>Sie k\u00f6nnen Ihren Browser so einstellen, dass Sie \u00fcber das Setzen<br \/>\nvon Cookies informiert werden und Cookies nur im Einzelfall erlauben, die Annahme von Cookies f\u00fcr<br \/>\nbestimmte F\u00e4lle oder generell ausschlie\u00dfen sowie das automatische L\u00f6schen der<br \/>\nCookies beim Schlie\u00dfen des Browser aktivieren. Bei der Deaktivierung von Cookies kann die<\/p>\n<p>Funktionalit\u00e4t dieser Website eingeschr\u00e4nkt sein.<\/p>\n<p>&nbsp;<\/p>\n<h2>Server-Log-<br \/>\nFiles<\/h2>\n<p>Der Provider der Seiten erhebt und speichert automatisch Informationen in so genannten<\/p>\n<p>Server-Log Files, die Ihr Browser automatisch an uns \u00fcbermittelt. Dies sind:<\/p>\n<ul>\n<li>Browsertyp und Browserversion<\/li>\n<li>verwendetes Betriebssystem<\/li>\n<li>Referrer URL<\/li>\n<li>Hostname des zugreifenden Rechners<\/li>\n<li>Uhrzeit der Serveranfrage<\/li>\n<\/ul>\n<p>Diese Daten sind nicht bestimmten Personen zuordenbar. Eine Zusammenf\u00fchrung dieser Daten mit anderen<br \/>\nDatenquellen wird nicht vorgenommen. Wir behalten uns vor, diese Daten nachtr\u00e4glich zu<br \/>\npr\u00fcfen, wenn uns konkrete Anhaltspunkte f\u00fcr eine rechtswidrige Nutzung bekannt<br \/>\nwerden.<\/p>\n<p>&nbsp;<\/p>\n<h2>Kontaktformular<\/h2>\n<p>Wenn Sie uns per Kontaktformular Anfragen<br \/>\nzukommen lassen, werden Ihre Angaben aus dem Anfrageformular inklusive der von Ihnen dort<br \/>\nangegebenen Kontaktdaten zwecks Bearbeitung der Anfrage und f\u00fcr den Fall von Anschlussfragen<br \/>\nbei uns gespeichert. Diese Daten geben wir nicht ohne Ihre Einwilligung weiter.<\/p>\n<p>&nbsp;<\/p>\n<h2>Newsletterdaten<\/h2>\n<p>Wenn Sie den auf der Website angebotenen Newsletter beziehen<br \/>\nm\u00f6chten, ben\u00f6tigen wir von Ihnen eine E-Mail-Adresse sowie Informationen, welche uns die<br \/>\n\u00dcberpr\u00fcfung gestatten, dass Sie der Inhaber der angegebenen E-Mail-Adresse sind und mit<br \/>\ndem Empfang des Newsletters einverstanden sind. Weitere Daten werden nicht erhoben. Diese Daten<br \/>\nverwenden wir ausschlie\u00dflich f\u00fcr den Versand der angeforderten Informationen und geben sie<br \/>\nnicht an Dritte weiter.<\/p>\n<p>Die erteilte Einwilligung zur Speicherung der Daten, der E-Mail-Adresse<br \/>\nsowie deren Nutzung zum Versand des Newsletters k\u00f6nnen Sie jederzeit widerrufen, etwa<br \/>\n\u00fcber den &#8222;Austragen&#8220;-Link im Newsletter.<\/p>\n<p>&nbsp;<\/p>\n<h2>Google Analytics<\/h2>\n<p>Diese Website nutzt Funktionen des Webanalysedienstes Google Analytics. Anbieter ist die Google Inc., 1600<br \/>\nAmphitheatre Parkway Mountain View, CA 94043, USA.<\/p>\n<p>Google Analytics verwendet so genannte<br \/>\n&#8222;Cookies&#8220;. Das sind Textdateien, die auf Ihrem Computer gespeichert werden und die eine<br \/>\nAnalyse der Benutzung der Website durch Sie erm\u00f6glichen. Die durch den Cookie erzeugten<br \/>\nInformationen \u00fcber Ihre Benutzung dieser Website werden in der Regel an einen Server von Google<br \/>\nin den USA \u00fcbertragen und dort gespeichert.<\/p>\n<p><strong>Browser Plugin<\/strong><\/p>\n<p>Sie k\u00f6nnen die Speicherung der Cookies durch eine entsprechende Einstellung Ihrer Browser-Software<br \/>\nverhindern; wir weisen Sie jedoch darauf hin, dass Sie in diesem Fall gegebenenfalls nicht s\u00e4mtliche<br \/>\nFunktionen dieser Website vollumf\u00e4nglich werden nutzen k\u00f6nnen. Sie k\u00f6nnen<br \/>\ndar\u00fcber hinaus die Erfassung der durch den Cookie erzeugten und auf Ihre Nutzung der Website<br \/>\nbezogenen Daten (inkl. Ihrer IP-Adresse) an Google sowie die Verarbeitung dieser Daten durch Google<br \/>\nverhindern, indem Sie das unter dem folgenden Link verf\u00fcgbare Browser-Plugin herunterladen und<br \/>\ninstallieren: <a href=\"https:\/\/tools.google.com\/dlpage\/gaoptout?hl=de\" target=\"_blank\" rel=\"noopener\">https:\/\/tools.google.com\/dlpage\/gaoptout?hl=de<\/a><\/p>\n<p><strong>Widerspruch gegen<br \/>\nDatenerfassung<\/strong><\/p>\n<p>Sie k\u00f6nnen die Erfassung Ihrer Daten durch Google Analytics verhindern, indem Sie auf folgenden Link klicken. Es wird ein Opt-Out-Cookie gesetzt, der die Erfassung<br \/>\nIhrer Daten bei zuk\u00fcnftigen Besuchen dieser Website verhindert: <a>Google Analytics deaktivieren<\/a><\/p>\n<p>Mehr Informationen zum<br \/>\nUmgang mit Nutzerdaten bei Google Analytics finden Sie in der Datenschutzerkl\u00e4rung von Google:<br \/>\n<a href=\"https:\/\/support.google.com\/analytics\/answer\/6004245?hl=de\" target=\"_blank\" rel=\"noopener\">https:\/\/support.google.com\/analytics\/answer\/6004245?hl=de<\/a><\/p>\n<p><strong>Demografische<br \/>\nMerkmale bei Google Analytics<\/strong><\/p>\n<p>Diese Website nutzt die Funktion \u201cdemografische<br \/>\nMerkmale\u201d von Google Analytics. Dadurch k\u00f6nnen Berichte erstellt werden, die Aussagen zu<br \/>\nAlter, Geschlecht und Interessen der Seitenbesucher enthalten. Diese Daten stammen aus<br \/>\ninteressenbezogener Werbung von Google sowie aus Besucherdaten von Drittanbietern. Diese Daten<br \/>\nk\u00f6nnen keiner bestimmten Person zugeordnet werden. Sie k\u00f6nnen diese Funktion jederzeit<\/p>\n<p>\u00fcber die Anzeigeneinstellungen in Ihrem Google-Konto deaktivieren oder die Erfassung Ihrer Daten<br \/>\ndurch Google Analytics wie im Punkt \u201cWiderspruch gegen Datenerfassung\u201d dargestellt<br \/>\ngenerell untersagen.<\/p>\n<p>&nbsp;<\/p>\n<h2>Facebook-Plugins (Like-Button)<\/h2>\n<p>Auf unseren Seiten sind Plugins des sozialen Netzwerks Facebook, Anbieter Facebook Inc., 1 Hacker Way, Menlo<br \/>\nPark, California 94025, USA, integriert. Die Facebook-Plugins erkennen Sie an dem Facebook-Logo oder<\/p>\n<p>dem &#8222;Like-Button&#8220; (&#8222;Gef\u00e4llt mir&#8220;) auf unserer Seite. Eine \u00dcbersicht \u00fcber die Facebook-<br \/>\nPlugins finden Sie hier: <a href=\"https:\/\/developers.facebook.com\/docs\/plugins\/\" target=\"_blank\" rel=\"noopener\">https:\/\/developers.facebook.com\/docs\/plugins\/<\/a>.<\/p>\n<p>Wenn Sie unsere Seiten besuchen, wird \u00fcber das Plugin eine direkte Verbindung zwischen Ihrem Browser und dem Facebook-Server hergestellt. Facebook erh\u00e4lt dadurch die Information, dass Sie mit Ihrer IP-<br \/>\nAdresse unsere Seite besucht haben. Wenn Sie den Facebook &#8222;Like-Button&#8220; anklicken w\u00e4hrend Sie in Ihrem Facebook-Account eingeloggt sind, k\u00f6nnen Sie die Inhalte unserer Seiten auf Ihrem<br \/>\nFacebook-Profil verlinken. Dadurch kann Facebook den Besuch unserer Seiten Ihrem Benutzerkonto<br \/>\nzuordnen. Wir weisen darauf hin, dass wir als Anbieter der Seiten keine Kenntnis vom Inhalt der<br \/>\n\u00fcbermittelten Daten sowie deren Nutzung durch Facebook erhalten. Weitere Informationen hierzu finden Sie in der Datenschutzerkl\u00e4rung von Facebook unter <a href=\"https:\/\/de- de.facebook.com\/policy.php\" target=\"_blank\" rel=\"noopener\">https:\/\/de-de.facebook.com\/policy.php<\/a>.<\/p>\n<p>Wenn Sie nicht w\u00fcnschen, dass Facebook den Besuch unserer Seiten Ihrem Facebook-Nutzerkonto<br \/>\nzuordnen kann, loggen Sie sich bitte aus Ihrem Facebook-Benutzerkonto aus.<\/p>\n<p>&nbsp;<\/p>\n<h2>Twitter<\/h2>\n<p>Auf unseren Seiten sind Funktionen des Dienstes Twitter eingebunden. Diese<br \/>\nFunktionen werden angeboten durch die Twitter Inc., 1355 Market Street, Suite 900, San Francisco, CA<br \/>\n94103, USA. Durch das Benutzen von Twitter und der Funktion &#8222;Re-Tweet&#8220; werden die von Ihnen<br \/>\nbesuchten Websites mit Ihrem Twitter-Account verkn\u00fcpft und anderen Nutzern bekannt gegeben.<br \/>\nDabei werden auch Daten an Twitter \u00fcbertragen. Wir weisen darauf hin, dass wir als Anbieter der<br \/>\nSeiten keine Kenntnis vom Inhalt der \u00fcbermittelten Daten sowie deren Nutzung durch Twitter<br \/>\nerhalten. Weitere Informationen hierzu finden Sie in der Datenschutzerkl\u00e4rung von Twitter unter <a href=\"https:\/\/twitter.com\/privacy\" target=\"_blank\" rel=\"noopener\">https:\/\/twitter.com\/privacy<\/a>.<\/p>\n<p>Ihre Datenschutzeinstellungen bei Twitter k\u00f6nnen Sie in den Konto-Einstellungen unter: <a href=\"https:\/\/twitter.com\/account\/settings\" target=\"_blank\" rel=\"noopener\">https:\/\/twitter.com\/account\/settings<\/a>\u00a0\u00e4ndern.<\/p>\n<p>&nbsp;<\/p>\n<h2>Google+<\/h2>\n<p>Unsere Seiten nutzen Funktionen von Google+.<br \/>\nAnbieter ist die Google Inc., 1600 Amphitheatre Parkway Mountain View, CA 94043, USA.<\/p>\n<p>Erfassung und Weitergabe von Informationen: Mithilfe der Google+-Schaltfl\u00e4che k\u00f6nnen<br \/>\nSie Informationen weltweit ver\u00f6ffentlichen. \u00dcber die Google+-Schaltfl\u00e4che erhalten Sie<br \/>\nund andere Nutzer personalisierte Inhalte von Google und unseren Partnern. Google speichert sowohl die<br \/>\nInformation, dass Sie f\u00fcr einen Inhalt +1 gegeben haben, als auch Informationen \u00fcber die<br \/>\nSeite, die Sie beim Klicken auf +1 angesehen haben. Ihre +1 k\u00f6nnen als Hinweise zusammen mit<br \/>\nIhrem Profilnamen und Ihrem Foto in Google-Diensten, wie etwa in Suchergebnissen oder in Ihrem<br \/>\nGoogle-Profil, oder an anderen Stellen auf Websites und Anzeigen im Internet eingeblendet werden.<\/p>\n<p>Google zeichnet Informationen \u00fcber Ihre +1-Aktivit\u00e4ten auf, um die Google-Dienste<br \/>\nf\u00fcr Sie und andere zu verbessern. Um die Google+-Schaltfl\u00e4che verwenden zu k\u00f6nnen,<br \/>\nben\u00f6tigen Sie ein weltweit sichtbares, \u00f6ffentliches Google-Profil, das zumindest den f\u00fcr<br \/>\ndas Profil gew\u00e4hlten Namen enthalten muss. Dieser Name wird in allen Google-Diensten verwendet.<br \/>\nIn manchen F\u00e4llen kann dieser Name auch einen anderen Namen ersetzen, den Sie beim Teilen<br \/>\nvon Inhalten \u00fcber Ihr Google-Konto verwendet haben. Die Identit\u00e4t Ihres Google-Profils kann<br \/>\nNutzern angezeigt werden, die Ihre E-Mail-Adresse kennen oder \u00fcber andere identifizierende<br \/>\nInformationen von Ihnen verf\u00fcgen.<\/p>\n<p>Verwendung der erfassten Informationen: Neben den oben erl\u00e4uterten Verwendungszwecken werden die von Ihnen bereitgestellten Informationen gem\u00e4\u00df den geltenden Google-Datenschutzbestimmungen genutzt. Google ver\u00f6ffentlicht m\u00f6glicherweise zusammengefasste Statistiken \u00fcber die +1-Aktivit\u00e4ten der Nutzer bzw.<br \/>\ngibt diese an Nutzer und Partner weiter, wie etwa Publisher, Inserenten oder verbundene Websites.<\/p>\n<p>&nbsp;<\/p>\n<h2>LinkedIn<\/h2>\n<p>Unsere Website nutzt Funktionen des Netzwerks LinkedIn. Anbieter ist die LinkedIn Corporation, 2029 Stierlin Court, Mountain View, CA 94043, USA. Bei jedem Abruf einer unserer Seiten, die Funktionen von LinkedIn enth\u00e4lt, wird eine Verbindung zu Servern von LinkedIn aufbaut. LinkedIn wird dar\u00fcber informiert, dass Sie unsere Internetseiten mit\u00a0Ihrer IP-Adresse besucht haben. Wenn Sie den &#8222;Recommend-Button&#8220; von LinkedIn anklicken und in Ihrem Account bei LinkedIn eingeloggt sind, ist es LinkedIn m\u00f6glich, Ihren Besuch auf unserer Internetseite Ihnen und Ihrem Benutzerkonto zuzuordnen. Wir weisen darauf hin, dass wir als Anbieter der Seiten keine Kenntnis vom Inhalt der \u00fcbermittelten Daten sowie deren Nutzung durch LinkedIn haben.<\/p>\n<p>Weitere Informationen hierzu finden Sie in der Datenschutzerkl\u00e4rung von LinkedIn unter: <a href=\"https:\/\/www.linkedin.com\/legal\/privacy-policy\" target=\"_blank\" rel=\"noopener\">https:\/\/www.linkedin.com\/legal\/privacy-policy<\/a><\/p>\n<p>&nbsp;<\/p>\n<h2>Pinterest<\/h2>\n<p>Auf unserer Seite verwenden wir Social Plugins des sozialen Netzwerkes Pinterest, das von der<br \/>\nPinterest Inc., 808 Brannan Street San Francisco, CA 94103-490, USA (&#8222;Pinterest&#8220;) betrieben wird. Wenn<br \/>\nSie eine Seite aufrufen, die ein solches Plugin enth\u00e4lt, stellt Ihr Browser eine direkte Verbindung zu<br \/>\nden Servern von Pinterest her. Das Plugin \u00fcbermittelt dabei Protokolldaten an den Server von<br \/>\nPinterest in die USA. Diese Protokolldaten enthalten m\u00f6glicherweise Ihre IP-Adresse, die Adresse<br \/>\nder besuchten Websites, die ebenfalls Pinterest-Funktionen enthalten, Art und Einstellungen des<br \/>\nBrowsers, Datum und Zeitpunkt der Anfrage, Ihre Verwendungsweise von Pinterest sowie Cookies.<\/p>\n<p>Weitere Informationen zu Zweck, Umfang und weiterer Verarbeitung und Nutzung der Daten durch<br \/>\nPinterest sowie Ihre diesbez\u00fcglichen Rechte und M\u00f6glichkeiten zum Schutz Ihrer<br \/>\nPrivatsph\u00e4re finden Sie in den den Datenschutzhinweisen von Pinterest: <a href=\"https:\/\/about.pinterest.com\/de\/privacy-policy\" target=\"_blank\" rel=\"noopener\">https:\/\/about.pinterest.com\/de\/privacy-<br \/>\npolicy<\/a><\/p>\n<p>&nbsp;<\/p>\n<h2>SoundCloud<\/h2>\n<p>Auf unseren Seiten k\u00f6nnen Plugins des sozialen Netzwerks SoundCloud (SoundCloud Limited, Berners House, 47-48 Berners Street, London W1T 3NF, Gro\u00dfbritannien.) integriert sein. Die SoundCloud-Plugins erkennen Sie an dem SoundCloud-Logo auf den betroffenen Seiten.<\/p>\n<p>Wenn Sie unsere Seiten besuchen, wird nach<br \/>\nAktivierung des Plugin eine direkte Verbindung zwischen Ihrem Browser und dem SoundCloud-Server<br \/>\nhergestellt. SoundCloud erh\u00e4lt dadurch die Information, dass Sie mit Ihrer IP-Adresse unsere Seite<br \/>\nbesucht haben. Wenn Sie den &#8222;Like-Button&#8220; oder &#8222;Share-Button&#8220; anklicken<br \/>\nw\u00e4hrend Sie in Ihrem SoundCloud- Benutzerkonto eingeloggt sind, k\u00f6nnen Sie die Inhalte<br \/>\nunserer Seiten mit Ihrem SoundCloud-Profil verlinken und\/oder teilen. Dadurch kann SoundCloud Ihrem<br \/>\nBenutzerkonto den Besuch unserer Seiten zuordnen. Wir weisen darauf hin, dass wir als Anbieter der<br \/>\nSeiten keine Kenntnis vom Inhalt der \u00fcbermittelten Daten sowie deren Nutzung durch SoundCloud<br \/>\nerhalten. Weitere Informationen hierzu finden Sie in der Datenschutzerkl\u00e4rung von SoundCloud<br \/>\nunter: <a href=\"https:\/\/soundcloud.com\/pages\/privacy\" target=\"_blank\" rel=\"noopener\">https:\/\/soundcloud.com\/pages\/privacy<\/a><\/p>\n<p>Wenn Sie nicht w\u00fcnschen, dass Soundcloud den Besuch unserer Seiten Ihrem SoundCloud- Benutzerkonto zuordnet, loggen Sie sich bitte aus Ihrem SoundCloud-Benutzerkonto aus bevor Sie Inhalte des SoundCloud-Plugins aktivieren.<\/p>\n<p>&nbsp;<\/p>\n<h2>XING<\/h2>\n<p>Unsere Website nutzt Funktionen des Netzwerks<br \/>\nXING. Anbieter ist die XING AG, Dammtorstra\u00dfe 29-32, 20354 Hamburg, Deutschland. Bei jedem<br \/>\nAbruf einer unserer Seiten, die Funktionen von XING enth\u00e4lt, wird eine Verbindung zu Servern von<br \/>\nXING hergestellt. Eine Speicherung von personenbezogenen Daten erfolgt dabei nach unserer Kenntnis<br \/>\nnicht. Insbesondere werden keine IP-Adressen gespeichert oder das Nutzungsverhalten ausgewertet.<\/p>\n<p>Weitere Information zum Datenschutz und dem XING Share-Button finden Sie in der<br \/>\nDatenschutzerkl\u00e4rung von XING unter: <a href=\"https:\/\/www.xing.com\/app\/share?op=data_protection\" target=\"_blank\" rel=\"noopener\">https:\/\/www.xing.com\/app\/share?op=data_protection<\/a><\/p>\n<p>&nbsp;<\/p>\n<h2>YouTube<\/h2>\n<p>Unsere Website nutzt Plugins der von Google betriebenen Seite YouTube.<br \/>\nBetreiber der Seiten ist die YouTube, LLC, 901 Cherry Ave., San Bruno, CA 94066, USA. Wenn Sie eine<br \/>\nunserer mit einem YouTube-Plugin ausgestatteten Seiten besuchen, wird eine Verbindung zu den Servern<br \/>\nvon YouTube hergestellt. Dabei wird dem Youtube-Server mitgeteilt, welche unserer Seiten Sie besucht<br \/>\nhaben.<\/p>\n<p>Wenn Sie in Ihrem YouTube-Account eingeloggt sind erm\u00f6glichen Sie YouTube, Ihr<br \/>\nSurfverhalten direkt Ihrem pers\u00f6nlichen Profil zuzuordnen. Dies k\u00f6nnen Sie verhindern, indem<br \/>\nSie sich aus Ihrem YouTube-Account ausloggen.<\/p>\n<p>Weitere Informationen zum Umgang von<br \/>\nNutzerdaten finden Sie in der Datenschutzerkl\u00e4rung von YouTube unter: <a href=\"https:\/\/www.google.de\/intl\/de\/policies\/privacy\" target=\"_blank\" rel=\"noopener\">https:\/\/www.google.de\/intl\/de\/policies\/privacy<\/a><\/p>\n<p>&nbsp;<\/p>\n<h2>Kommentarfunktion auf dieser Website<\/h2>\n<p>F\u00fcr die Kommentarfunktion auf dieser Seite werden neben Ihrem Kommentar auch Angaben zum Zeitpunkt der Erstellung des Kommentars, Ihre E- Mail-Adresse und, wenn Sie nicht anonym posten, der von Ihnen gew\u00e4hlte Nutzername gespeichert.<\/p>\n<p><strong>Speicherung der IP Adresse<\/strong><\/p>\n<p>Unsere Kommentarfunktion<br \/>\nspeichert die IP-Adressen der Nutzer, die Kommentare verfassen. Da wir Kommentare auf unserer Seite<br \/>\nnicht vor der Freischaltung pr\u00fcfen, ben\u00f6tigen wir diese Daten, um im Falle von<br \/>\nRechtsverletzungen wie Beleidigungen oder Propaganda gegen den Verfasser vorgehen zu k\u00f6nnen.<\/p>\n<p><strong>Abonnieren von Kommentaren<\/strong><\/p>\n<p>Als Nutzer der Seite k\u00f6nnen Sie nach einer Anmeldung Kommentare abonnieren. Sie erhalten eine<br \/>\nBest\u00e4tigungsemail, um zu pr\u00fcfen, ob Sie der Inhaber der angegebenen E-Mail-Adresse sind.<br \/>\nSie k\u00f6nnen diese Funktion jederzeit \u00fcber einen Link in den Info-Mails abbestellen.<\/p>\n<p>&nbsp;<\/p>\n<h2>Recht auf Auskunft, L\u00f6schung, Sperrung<\/h2>\n<p>Sie haben jederzeit das Recht auf unentgeltliche Auskunft \u00fcber Ihre gespeicherten personenbezogenen Daten, deren Herkunft und Empf\u00e4nger und den Zweck der Datenverarbeitung sowie ein Recht auf Berichtigung,<br \/>\nSperrung oder L\u00f6schung dieser Daten. Hierzu sowie zu weiteren Fragen zum Thema personenbezogene Daten k\u00f6nnen Sie sich jederzeit unter der im Impressum angegebenen Adresse an uns wenden.<\/p>\n<p>&nbsp;<\/p>\n<p>Quelle: <a href=\"https:\/\/www.e-recht24.de\">https:\/\/www.e-recht24.de<\/a><\/p>\n","protected":false},"excerpt":{"rendered":"<p>Datenschutzerkl\u00e4rung Die Betreiber dieser Seiten nehmen den Schutz Ihrer pers\u00f6nlichen Daten sehr ernst. Wir behandeln Ihre personenbezogenen Daten vertraulich und entsprechend der gesetzlichen Datenschutzvorschriften sowie dieser Datenschutzerkl\u00e4rung. Die Nutzung unserer Website ist in der Regel ohne Angabe personenbezogener Daten m\u00f6glich. Soweit auf unseren Seiten personenbezogene Daten (beispielsweise Name, Anschrift oder E-Mail-Adressen) erhoben werden, erfolgt dies,<\/p>\n","protected":false},"author":1,"featured_media":0,"parent":0,"menu_order":0,"comment_status":"closed","ping_status":"closed","template":"template-full-width.php","meta":{"_monsterinsights_skip_tracking":false,"_monsterinsights_sitenote_active":false,"_monsterinsights_sitenote_note":"","_monsterinsights_sitenote_category":0},"_links":{"self":[{"href":"https:\/\/www.northernexperience.de\/index.php?rest_route=\/wp\/v2\/pages\/87"}],"collection":[{"href":"https:\/\/www.northernexperience.de\/index.php?rest_route=\/wp\/v2\/pages"}],"about":[{"href":"https:\/\/www.northernexperience.de\/index.php?rest_route=\/wp\/v2\/types\/page"}],"author":[{"embeddable":true,"href":"https:\/\/www.northernexperience.de\/index.php?rest_route=\/wp\/v2\/users\/1"}],"replies":[{"embeddable":true,"href":"https:\/\/www.northernexperience.de\/index.php?rest_route=%2Fwp%2Fv2%2Fcomments&post=87"}],"version-history":[{"count":3,"href":"https:\/\/www.northernexperience.de\/index.php?rest_route=\/wp\/v2\/pages\/87\/revisions"}],"predecessor-version":[{"id":90,"href":"https:\/\/www.northernexperience.de\/index.php?rest_route=\/wp\/v2\/pages\/87\/revisions\/90"}],"wp:attachment":[{"href":"https:\/\/www.northernexperience.de\/index.php?rest_route=%2Fwp%2Fv2%2Fmedia&parent=87"}],"curies":[{"name":"wp","href":"https:\/\/api.w.org\/{rel}","templated":true}]}}